{"id":20315,"date":"2026-03-11T14:35:59","date_gmt":"2026-03-11T19:35:59","guid":{"rendered":"https:\/\/ocaru.org.ec\/?page_id=20315"},"modified":"2026-03-12T17:17:58","modified_gmt":"2026-03-12T22:17:58","slug":"que-es-el-ocaru-observatorio-del-cambio-rural","status":"publish","type":"page","link":"https:\/\/ocaru.org.ec\/en\/que-es-el-ocaru-observatorio-del-cambio-rural\/","title":{"rendered":"\u00bfQu\u00e9 es el Observatorio del Cambio Rural?"},"content":{"rendered":"<div data-elementor-type=\"wp-page\" data-elementor-id=\"20315\" class=\"elementor elementor-20315\" data-elementor-post-type=\"page\">\n\t\t\t\t\t\t<section class=\"elementor-section elementor-top-section elementor-element elementor-element-50515cc elementor-section-boxed elementor-section-height-default elementor-section-height-default\" data-id=\"50515cc\" data-element_type=\"section\" data-e-type=\"section\">\n\t\t\t\t\t\t<div class=\"elementor-container elementor-column-gap-default\">\n\t\t\t\t\t<div class=\"elementor-column elementor-col-100 elementor-top-column elementor-element elementor-element-81c0d8d\" data-id=\"81c0d8d\" data-element_type=\"column\" data-e-type=\"column\">\n\t\t\t<div class=\"elementor-widget-wrap elementor-element-populated\">\n\t\t\t\t\t\t<div class=\"elementor-element elementor-element-dca9a79 elementor-widget elementor-widget-theme-post-title elementor-page-title elementor-widget-heading\" data-id=\"dca9a79\" data-element_type=\"widget\" data-e-type=\"widget\" data-widget_type=\"theme-post-title.default\">\n\t\t\t\t<div class=\"elementor-widget-container\">\n\t\t\t\t\t<h1 class=\"elementor-heading-title elementor-size-default\">\u00bfQu\u00e9 es el Observatorio del Cambio Rural?<\/h1>\t\t\t\t<\/div>\n\t\t\t\t<\/div>\n\t\t\t\t\t<\/div>\n\t\t<\/div>\n\t\t\t\t\t<\/div>\n\t\t<\/section>\n\t\t\t\t<section class=\"elementor-section elementor-top-section elementor-element elementor-element-db67222 elementor-section-boxed elementor-section-height-default elementor-section-height-default\" data-id=\"db67222\" data-element_type=\"section\" data-e-type=\"section\">\n\t\t\t\t\t\t<div class=\"elementor-container elementor-column-gap-default\">\n\t\t\t\t\t<div class=\"elementor-column elementor-col-100 elementor-top-column elementor-element elementor-element-02f9ef3\" data-id=\"02f9ef3\" data-element_type=\"column\" data-e-type=\"column\">\n\t\t\t<div class=\"elementor-widget-wrap elementor-element-populated\">\n\t\t\t\t\t\t<div class=\"elementor-element elementor-element-d292ee5 elementor-widget elementor-widget-spacer\" data-id=\"d292ee5\" data-element_type=\"widget\" data-e-type=\"widget\" data-widget_type=\"spacer.default\">\n\t\t\t\t<div class=\"elementor-widget-container\">\n\t\t\t\t\t\t\t<div class=\"elementor-spacer\">\n\t\t\t<div class=\"elementor-spacer-inner\"><\/div>\n\t\t<\/div>\n\t\t\t\t\t\t<\/div>\n\t\t\t\t<\/div>\n\t\t\t\t\t<\/div>\n\t\t<\/div>\n\t\t\t\t\t<\/div>\n\t\t<\/section>\n\t\t\t\t<section class=\"elementor-section elementor-top-section elementor-element elementor-element-8a3a229 elementor-section-boxed elementor-section-height-default elementor-section-height-default\" data-id=\"8a3a229\" data-element_type=\"section\" data-e-type=\"section\">\n\t\t\t\t\t\t<div class=\"elementor-container elementor-column-gap-default\">\n\t\t\t\t\t<div class=\"elementor-column elementor-col-50 elementor-top-column elementor-element elementor-element-89e2135\" data-id=\"89e2135\" data-element_type=\"column\" data-e-type=\"column\">\n\t\t\t<div class=\"elementor-widget-wrap elementor-element-populated\">\n\t\t\t\t\t\t<div class=\"elementor-element elementor-element-545e67a elementor-widget__width-initial elementor-widget elementor-widget-video\" data-id=\"545e67a\" data-element_type=\"widget\" data-e-type=\"widget\" data-settings=\"{&quot;video_type&quot;:&quot;hosted&quot;,&quot;controls&quot;:&quot;yes&quot;}\" data-widget_type=\"video.default\">\n\t\t\t\t<div class=\"elementor-widget-container\">\n\t\t\t\t\t\t\t<div class=\"e-hosted-video elementor-wrapper elementor-open-inline\">\n\t\t\t\t\t<video class=\"elementor-video\" src=\"https:\/\/ocaru.org.ec\/wp-content\/uploads\/2026\/03\/WhatsApp-Video-2026-03-11-at-9.06.27-PM.mp4\" controls=\"\" preload=\"metadata\" controlslist=\"nodownload\"><\/video>\n\t\t\t\t<\/div>\n\t\t\t\t\t\t<\/div>\n\t\t\t\t<\/div>\n\t\t\t\t\t<\/div>\n\t\t<\/div>\n\t\t\t\t<div class=\"elementor-column elementor-col-50 elementor-top-column elementor-element elementor-element-3f67222\" data-id=\"3f67222\" data-element_type=\"column\" data-e-type=\"column\">\n\t\t\t<div class=\"elementor-widget-wrap elementor-element-populated\">\n\t\t\t\t\t\t<div class=\"elementor-element elementor-element-43c478b elementor-widget elementor-widget-text-editor\" data-id=\"43c478b\" data-element_type=\"widget\" data-e-type=\"widget\" data-widget_type=\"text-editor.default\">\n\t\t\t\t<div class=\"elementor-widget-container\">\n\t\t\t\t\t\t\t\t\t<p data-path-to-node=\"23\">El <b data-path-to-node=\"23\" data-index-in-node=\"3\">Observatorio del Cambio Rural (OCARU)<\/b> se consolida como un espacio interdisciplinario fundamental para el an\u00e1lisis del r\u00e9gimen agrario y alimentario en Ecuador y Am\u00e9rica Latina. \ud83c\uddea\ud83c\udde8\ud83c\udf0e<\/p><p data-path-to-node=\"24\">A trav\u00e9s de investigaciones rigurosas y procesos participativos, buscamos orientar pol\u00edticas p\u00fablicas y fortalecer las agendas sociales de comunidades ind\u00edgenas y campesinas. Nuestro compromiso es con la producci\u00f3n de conocimiento que impulse la soberan\u00eda alimentaria y la justicia de g\u00e9nero.<\/p><p data-path-to-node=\"25\">Los invitamos a conocer nuestra trayectoria y los estudios que estamos impulsando para transformar la realidad del campo.<\/p><p data-path-to-node=\"25\">Foto Portada: Archivo IEE &#8211; OCARU.<\/p>\t\t\t\t\t\t\t\t<\/div>\n\t\t\t\t<\/div>\n\t\t\t\t\t<\/div>\n\t\t<\/div>\n\t\t\t\t\t<\/div>\n\t\t<\/section>\n\t\t\t\t<section class=\"elementor-section elementor-top-section elementor-element elementor-element-e921b2d elementor-section-full_width elementor-section-stretched elementor-section-height-default elementor-section-height-default\" data-id=\"e921b2d\" data-element_type=\"section\" data-e-type=\"section\" data-settings=\"{&quot;stretch_section&quot;:&quot;section-stretched&quot;}\">\n\t\t\t\t\t\t<div class=\"elementor-container elementor-column-gap-no\">\n\t\t\t\t\t<div class=\"elementor-column elementor-col-100 elementor-top-column elementor-element elementor-element-2e114f1\" data-id=\"2e114f1\" data-element_type=\"column\" data-e-type=\"column\">\n\t\t\t<div class=\"elementor-widget-wrap elementor-element-populated\">\n\t\t\t\t\t\t<div class=\"elementor-element elementor-element-ec15300 elementor-shape-circle elementor-grid-1 elementor-widget__width-auto elementor-fixed elementor-hidden-tablet elementor-hidden-mobile e-grid-align-center elementor-widget elementor-widget-global elementor-global-8442 elementor-widget-social-icons\" data-id=\"ec15300\" data-element_type=\"widget\" data-e-type=\"widget\" data-settings=\"{&quot;_position&quot;:&quot;fixed&quot;}\" data-widget_type=\"social-icons.default\">\n\t\t\t\t<div class=\"elementor-widget-container\">\n\t\t\t\t\t\t\t<div class=\"elementor-social-icons-wrapper elementor-grid\" role=\"list\">\n\t\t\t\t\t\t\t<span class=\"elementor-grid-item\" role=\"listitem\">\n\t\t\t\t\t<a class=\"elementor-icon elementor-social-icon elementor-social-icon-facebook elementor-animation-pulse elementor-repeater-item-48efe11\" href=\"https:\/\/www.facebook.com\/Ocaruec\/\" target=\"_blank\">\n\t\t\t\t\t\t<span class=\"elementor-screen-only\">Facebook<\/span>\n\t\t\t\t\t\t<i aria-hidden=\"true\" class=\"fab fa-facebook\"><\/i>\t\t\t\t\t<\/a>\n\t\t\t\t<\/span>\n\t\t\t\t\t\t\t<span class=\"elementor-grid-item\" role=\"listitem\">\n\t\t\t\t\t<a class=\"elementor-icon elementor-social-icon elementor-social-icon- elementor-animation-pulse elementor-repeater-item-feef8b8\" href=\"https:\/\/twitter.com\/OCARUEc\" target=\"_blank\">\n\t\t\t\t\t\t<span class=\"elementor-screen-only\"><\/span>\n\t\t\t\t\t\t<svg xmlns=\"http:\/\/www.w3.org\/2000\/svg\" height=\"16\" width=\"16\" viewbox=\"0 0 512 512\"><path d=\"M389.2 48h70.6L305.6 224.2 487 464H345L233.7 318.6 106.5 464H35.8L200.7 275.5 26.8 48H172.4L272.9 180.9 389.2 48zM364.4 421.8h39.1L151.1 88h-42L364.4 421.8z\"><\/path><\/svg>\t\t\t\t\t<\/a>\n\t\t\t\t<\/span>\n\t\t\t\t\t\t\t<span class=\"elementor-grid-item\" role=\"listitem\">\n\t\t\t\t\t<a class=\"elementor-icon elementor-social-icon elementor-social-icon-instagram elementor-animation-pulse elementor-repeater-item-eb8072d\" href=\"https:\/\/www.instagram.com\/ocaru_ecuador\/\" target=\"_blank\">\n\t\t\t\t\t\t<span class=\"elementor-screen-only\">Instagram<\/span>\n\t\t\t\t\t\t<i aria-hidden=\"true\" class=\"fab fa-instagram\"><\/i>\t\t\t\t\t<\/a>\n\t\t\t\t<\/span>\n\t\t\t\t\t\t\t<span class=\"elementor-grid-item\" role=\"listitem\">\n\t\t\t\t\t<a class=\"elementor-icon elementor-social-icon elementor-social-icon-youtube elementor-animation-pulse elementor-repeater-item-a447b82\" href=\"https:\/\/www.youtube.com\/user\/CambioRuralEC\" target=\"_blank\">\n\t\t\t\t\t\t<span class=\"elementor-screen-only\">Youtube<\/span>\n\t\t\t\t\t\t<i aria-hidden=\"true\" class=\"fab fa-youtube\"><\/i>\t\t\t\t\t<\/a>\n\t\t\t\t<\/span>\n\t\t\t\t\t<\/div>\n\t\t\t\t\t\t<\/div>\n\t\t\t\t<\/div>\n\t\t\t\t\t<\/div>\n\t\t<\/div>\n\t\t\t\t\t<\/div>\n\t\t<\/section>\n\t\t\t\t<section class=\"elementor-section elementor-top-section elementor-element elementor-element-26ce1ca elementor-section-boxed elementor-section-height-default elementor-section-height-default\" data-id=\"26ce1ca\" data-element_type=\"section\" data-e-type=\"section\">\n\t\t\t\t\t\t<div class=\"elementor-container elementor-column-gap-default\">\n\t\t\t\t\t<div class=\"elementor-column elementor-col-100 elementor-top-column elementor-element elementor-element-efa2fc9\" data-id=\"efa2fc9\" data-element_type=\"column\" data-e-type=\"column\">\n\t\t\t<div class=\"elementor-widget-wrap elementor-element-populated\">\n\t\t\t\t\t\t<div class=\"elementor-element elementor-element-76d6bb8 elementor-widget elementor-widget-spacer\" data-id=\"76d6bb8\" data-element_type=\"widget\" data-e-type=\"widget\" data-widget_type=\"spacer.default\">\n\t\t\t\t<div class=\"elementor-widget-container\">\n\t\t\t\t\t\t\t<div class=\"elementor-spacer\">\n\t\t\t<div class=\"elementor-spacer-inner\"><\/div>\n\t\t<\/div>\n\t\t\t\t\t\t<\/div>\n\t\t\t\t<\/div>\n\t\t\t\t\t<\/div>\n\t\t<\/div>\n\t\t\t\t\t<\/div>\n\t\t<\/section>\n\t\t\t\t<\/div>","protected":false},"excerpt":{"rendered":"<div class=\"tmnf_excerpt meta_deko\"><p>https:\/\/ocaru.org.ec\/wp-content\/uploads\/2026\/03\/WhatsApp-Video-2026-03-11-at-9.06.27-PM.mp4 El Observatorio del Cambio Rural (OCARU) se consolida como un espacio interdisciplinario fundamental para el an\u00e1lisis del r\u00e9gimen agrario y alimentario en Ecuador y Am\u00e9rica Latina. &#x1f1ea;&#x1f1e8;&#x1f30e; A trav\u00e9s de investigaciones rigurosas y procesos participativos, buscamos orientar pol\u00edticas p\u00fablicas y fortalecer las agendas sociales de comunidades ind\u00edgenas y campesinas. Nuestro compromiso es con la &hellip;<\/p>\n<\/div>","protected":false},"author":11,"featured_media":0,"parent":0,"menu_order":0,"comment_status":"closed","ping_status":"closed","template":"elementor_header_footer","meta":{"_mi_skip_tracking":false,"_monsterinsights_sitenote_active":false,"_monsterinsights_sitenote_note":"","_monsterinsights_sitenote_category":0,"footnotes":""},"class_list":["post-20315","page","type-page","status-publish","hentry"],"yoast_head":"<!-- This site is optimized with the Yoast SEO Premium plugin v24.8 (Yoast SEO v27.4) - https:\/\/yoast.com\/product\/yoast-seo-premium-wordpress\/ -->\n<title>\u00bfQu\u00e9 es el Observatorio del Cambio Rural? - Ocaru<\/title>\n<meta name=\"robots\" content=\"index, follow, max-snippet:-1, max-image-preview:large, max-video-preview:-1\" \/>\n<link rel=\"canonical\" href=\"https:\/\/ocaru.org.ec\/en\/que-es-el-ocaru-observatorio-del-cambio-rural\/\" \/>\n<meta property=\"og:locale\" content=\"en_US\" \/>\n<meta property=\"og:type\" content=\"article\" \/>\n<meta property=\"og:title\" content=\"\u00bfQu\u00e9 es el Observatorio del Cambio Rural?\" \/>\n<meta property=\"og:description\" content=\"https:\/\/ocaru.org.ec\/wp-content\/uploads\/2026\/03\/WhatsApp-Video-2026-03-11-at-9.06.27-PM.mp4 El Observatorio del Cambio Rural (OCARU) se consolida como un espacio interdisciplinario fundamental para el an\u00e1lisis del r\u00e9gimen agrario y alimentario en Ecuador y Am\u00e9rica Latina. &#x1f1ea;&#x1f1e8;&#x1f30e; A trav\u00e9s de investigaciones rigurosas y procesos participativos, buscamos orientar pol\u00edticas p\u00fablicas y fortalecer las agendas sociales de comunidades ind\u00edgenas y campesinas. Nuestro compromiso es con la &hellip;\" \/>\n<meta property=\"og:url\" content=\"https:\/\/ocaru.org.ec\/en\/que-es-el-ocaru-observatorio-del-cambio-rural\/\" \/>\n<meta property=\"og:site_name\" content=\"Ocaru\" \/>\n<meta property=\"article:publisher\" content=\"https:\/\/www.facebook.com\/Ocaruec\/\" \/>\n<meta property=\"article:modified_time\" content=\"2026-03-12T22:17:58+00:00\" \/>\n<script type=\"application\/ld+json\" class=\"yoast-schema-graph\">{\"@context\":\"https:\\\/\\\/schema.org\",\"@graph\":[{\"@type\":\"WebPage\",\"@id\":\"https:\\\/\\\/ocaru.org.ec\\\/que-es-el-ocaru-observatorio-del-cambio-rural\\\/\",\"url\":\"https:\\\/\\\/ocaru.org.ec\\\/que-es-el-ocaru-observatorio-del-cambio-rural\\\/\",\"name\":\"\u00bfQu\u00e9 es el Observatorio del Cambio Rural? - Ocaru\",\"isPartOf\":{\"@id\":\"https:\\\/\\\/ocaru.org.ec\\\/#website\"},\"datePublished\":\"2026-03-11T19:35:59+00:00\",\"dateModified\":\"2026-03-12T22:17:58+00:00\",\"breadcrumb\":{\"@id\":\"https:\\\/\\\/ocaru.org.ec\\\/que-es-el-ocaru-observatorio-del-cambio-rural\\\/#breadcrumb\"},\"inLanguage\":\"en-US\",\"potentialAction\":[{\"@type\":\"ReadAction\",\"target\":[\"https:\\\/\\\/ocaru.org.ec\\\/que-es-el-ocaru-observatorio-del-cambio-rural\\\/\"]}]},{\"@type\":\"BreadcrumbList\",\"@id\":\"https:\\\/\\\/ocaru.org.ec\\\/que-es-el-ocaru-observatorio-del-cambio-rural\\\/#breadcrumb\",\"itemListElement\":[{\"@type\":\"ListItem\",\"position\":1,\"name\":\"Portada\",\"item\":\"https:\\\/\\\/ocaru.org.ec\\\/\"},{\"@type\":\"ListItem\",\"position\":2,\"name\":\"\u00bfQu\u00e9 es el Observatorio del Cambio Rural?\"}]},{\"@type\":\"WebSite\",\"@id\":\"https:\\\/\\\/ocaru.org.ec\\\/#website\",\"url\":\"https:\\\/\\\/ocaru.org.ec\\\/\",\"name\":\"Ocaru\",\"description\":\"Observatorio del Cambio Rural\",\"publisher\":{\"@id\":\"https:\\\/\\\/ocaru.org.ec\\\/#organization\"},\"potentialAction\":[{\"@type\":\"SearchAction\",\"target\":{\"@type\":\"EntryPoint\",\"urlTemplate\":\"https:\\\/\\\/ocaru.org.ec\\\/?s={search_term_string}\"},\"query-input\":{\"@type\":\"PropertyValueSpecification\",\"valueRequired\":true,\"valueName\":\"search_term_string\"}}],\"inLanguage\":\"en-US\"},{\"@type\":\"Organization\",\"@id\":\"https:\\\/\\\/ocaru.org.ec\\\/#organization\",\"name\":\"Ocaru\",\"url\":\"https:\\\/\\\/ocaru.org.ec\\\/\",\"logo\":{\"@type\":\"ImageObject\",\"inLanguage\":\"en-US\",\"@id\":\"https:\\\/\\\/ocaru.org.ec\\\/#\\\/schema\\\/logo\\\/image\\\/\",\"url\":\"https:\\\/\\\/ocaru.org.ec\\\/wp-content\\\/uploads\\\/2026\\\/02\\\/Logo-150-x-150-1.jpg\",\"contentUrl\":\"https:\\\/\\\/ocaru.org.ec\\\/wp-content\\\/uploads\\\/2026\\\/02\\\/Logo-150-x-150-1.jpg\",\"width\":150,\"height\":150,\"caption\":\"Ocaru\"},\"image\":{\"@id\":\"https:\\\/\\\/ocaru.org.ec\\\/#\\\/schema\\\/logo\\\/image\\\/\"},\"sameAs\":[\"https:\\\/\\\/www.facebook.com\\\/Ocaruec\\\/\",\"https:\\\/\\\/x.com\\\/OCARUEc\",\"https:\\\/\\\/www.instagram.com\\\/ocaru_ecuador\\\/\",\"https:\\\/\\\/www.youtube.com\\\/user\\\/CambioRuralEC\"]}]}<\/script>\n<!-- \/ Yoast SEO Premium plugin. -->","yoast_head_json":{"title":"\u00bfQu\u00e9 es el Observatorio del Cambio Rural? - Ocaru","robots":{"index":"index","follow":"follow","max-snippet":"max-snippet:-1","max-image-preview":"max-image-preview:large","max-video-preview":"max-video-preview:-1"},"canonical":"https:\/\/ocaru.org.ec\/en\/que-es-el-ocaru-observatorio-del-cambio-rural\/","og_locale":"en_US","og_type":"article","og_title":"\u00bfQu\u00e9 es el Observatorio del Cambio Rural?","og_description":"https:\/\/ocaru.org.ec\/wp-content\/uploads\/2026\/03\/WhatsApp-Video-2026-03-11-at-9.06.27-PM.mp4 El Observatorio del Cambio Rural (OCARU) se consolida como un espacio interdisciplinario fundamental para el an\u00e1lisis del r\u00e9gimen agrario y alimentario en Ecuador y Am\u00e9rica Latina. &#x1f1ea;&#x1f1e8;&#x1f30e; A trav\u00e9s de investigaciones rigurosas y procesos participativos, buscamos orientar pol\u00edticas p\u00fablicas y fortalecer las agendas sociales de comunidades ind\u00edgenas y campesinas. Nuestro compromiso es con la &hellip;","og_url":"https:\/\/ocaru.org.ec\/en\/que-es-el-ocaru-observatorio-del-cambio-rural\/","og_site_name":"Ocaru","article_publisher":"https:\/\/www.facebook.com\/Ocaruec\/","article_modified_time":"2026-03-12T22:17:58+00:00","schema":{"@context":"https:\/\/schema.org","@graph":[{"@type":"WebPage","@id":"https:\/\/ocaru.org.ec\/que-es-el-ocaru-observatorio-del-cambio-rural\/","url":"https:\/\/ocaru.org.ec\/que-es-el-ocaru-observatorio-del-cambio-rural\/","name":"\u00bfQu\u00e9 es el Observatorio del Cambio Rural? - Ocaru","isPartOf":{"@id":"https:\/\/ocaru.org.ec\/#website"},"datePublished":"2026-03-11T19:35:59+00:00","dateModified":"2026-03-12T22:17:58+00:00","breadcrumb":{"@id":"https:\/\/ocaru.org.ec\/que-es-el-ocaru-observatorio-del-cambio-rural\/#breadcrumb"},"inLanguage":"en-US","potentialAction":[{"@type":"ReadAction","target":["https:\/\/ocaru.org.ec\/que-es-el-ocaru-observatorio-del-cambio-rural\/"]}]},{"@type":"BreadcrumbList","@id":"https:\/\/ocaru.org.ec\/que-es-el-ocaru-observatorio-del-cambio-rural\/#breadcrumb","itemListElement":[{"@type":"ListItem","position":1,"name":"Portada","item":"https:\/\/ocaru.org.ec\/"},{"@type":"ListItem","position":2,"name":"\u00bfQu\u00e9 es el Observatorio del Cambio Rural?"}]},{"@type":"WebSite","@id":"https:\/\/ocaru.org.ec\/#website","url":"https:\/\/ocaru.org.ec\/","name":"Ocaru","description":"Observatorio del Cambio Rural","publisher":{"@id":"https:\/\/ocaru.org.ec\/#organization"},"potentialAction":[{"@type":"SearchAction","target":{"@type":"EntryPoint","urlTemplate":"https:\/\/ocaru.org.ec\/?s={search_term_string}"},"query-input":{"@type":"PropertyValueSpecification","valueRequired":true,"valueName":"search_term_string"}}],"inLanguage":"en-US"},{"@type":"Organization","@id":"https:\/\/ocaru.org.ec\/#organization","name":"Ocaru","url":"https:\/\/ocaru.org.ec\/","logo":{"@type":"ImageObject","inLanguage":"en-US","@id":"https:\/\/ocaru.org.ec\/#\/schema\/logo\/image\/","url":"https:\/\/ocaru.org.ec\/wp-content\/uploads\/2026\/02\/Logo-150-x-150-1.jpg","contentUrl":"https:\/\/ocaru.org.ec\/wp-content\/uploads\/2026\/02\/Logo-150-x-150-1.jpg","width":150,"height":150,"caption":"Ocaru"},"image":{"@id":"https:\/\/ocaru.org.ec\/#\/schema\/logo\/image\/"},"sameAs":["https:\/\/www.facebook.com\/Ocaruec\/","https:\/\/x.com\/OCARUEc","https:\/\/www.instagram.com\/ocaru_ecuador\/","https:\/\/www.youtube.com\/user\/CambioRuralEC"]}]}},"_links":{"self":[{"href":"https:\/\/ocaru.org.ec\/en\/wp-json\/wp\/v2\/pages\/20315","targetHints":{"allow":["GET"]}}],"collection":[{"href":"https:\/\/ocaru.org.ec\/en\/wp-json\/wp\/v2\/pages"}],"about":[{"href":"https:\/\/ocaru.org.ec\/en\/wp-json\/wp\/v2\/types\/page"}],"author":[{"embeddable":true,"href":"https:\/\/ocaru.org.ec\/en\/wp-json\/wp\/v2\/users\/11"}],"replies":[{"embeddable":true,"href":"https:\/\/ocaru.org.ec\/en\/wp-json\/wp\/v2\/comments?post=20315"}],"version-history":[{"count":70,"href":"https:\/\/ocaru.org.ec\/en\/wp-json\/wp\/v2\/pages\/20315\/revisions"}],"predecessor-version":[{"id":20856,"href":"https:\/\/ocaru.org.ec\/en\/wp-json\/wp\/v2\/pages\/20315\/revisions\/20856"}],"wp:attachment":[{"href":"https:\/\/ocaru.org.ec\/en\/wp-json\/wp\/v2\/media?parent=20315"}],"curies":[{"name":"wp","href":"https:\/\/api.w.org\/{rel}","templated":true}]}}